{"id":229,"date":"2024-06-22T11:57:48","date_gmt":"2024-06-22T10:57:48","guid":{"rendered":"https:\/\/ann-dove-author.com\/?page_id=229"},"modified":"2024-06-22T11:57:49","modified_gmt":"2024-06-22T10:57:49","slug":"polityka-prywatnosci","status":"publish","type":"page","link":"https:\/\/ann-dove-author.com\/?page_id=229","title":{"rendered":"Polityka prywatno\u015bci"},"content":{"rendered":"\n<p><strong>I. Postanowienia og\u00f3lne<\/strong><\/p>\n\n\n\n<ol class=\"wp-block-list\" start=\"1\">\n<li>Polityka prywatno\u015bci okre\u015bla, jak zbierane, przetwarzane i przechowywane s\u0105 dane osobowe U\u017cytkownik\u00f3w niezb\u0119dne do \u015bwiadczenia us\u0142ug drog\u0105 elektroniczn\u0105 za po\u015brednictwem serwisu internetowego ann-dove-author.com (dalej: Serwis).<\/li>\n\n\n\n<li>Serwis zbiera wy\u0142\u0105cznie dane osobowe niezb\u0119dne do \u015bwiadczenia i rozwoju us\u0142ug w nim oferowanych.<\/li>\n\n\n\n<li>Dane osobowe zbierane za po\u015brednictwem Serwisu s\u0105 przetwarzane zgodnie z\u00a0Rozporz\u0105dzeniem Parlamentu Europejskiego i\u00a0Rady (UE) 2016\/679 z\u00a0dnia 27 kwietnia 2016 r. w\u00a0sprawie ochrony os\u00f3b fizycznych w\u00a0zwi\u0105zku z\u00a0przetwarzaniem danych osobowych i\u00a0w sprawie swobodnego przep\u0142ywu takich danych oraz uchylenia dyrektywy 95\/46\/WE (og\u00f3lne rozporz\u0105dzenie o\u00a0ochronie danych, dalej RODO) oraz ustaw\u0105 o ochronie danych osobowych z dnia 10 maja 2018 r.<\/li>\n<\/ol>\n\n\n\n<p><strong>II. Administrator danych<\/strong><\/p>\n\n\n\n<p>Administratorem danych osobowych zbieranych poprzez Serwis jest<br>Perfect Solutions Marek Go\u0142\u0105b, NIP: 6322006537 REGON: 520214313, adres: ul. Wielkanocna 38F, 30-376 Krak\u00f3w, adres elektroniczny: anndoveshop@gmail.com<\/p>\n\n\n\n<p><strong>III. Cel zbierania danych osobowych<\/strong><\/p>\n\n\n\n<ol class=\"wp-block-list\" start=\"1\">\n<li>Dane osobowe wykorzystywane s\u0105 w celu:\n<ul class=\"wp-block-list\">\n<li>realizacji umowy dotycz\u0105cej us\u0142ug i e-us\u0142ug,<\/li>\n\n\n\n<li>komunikacji z U\u017cytkownikiem (e-maile itp.)<\/li>\n\n\n\n<li>wysy\u0142ki newslettera (po wyra\u017ceniu zgody U\u017cytkownika na jego otrzymywanie),<\/li>\n\n\n\n<li>prowadzenia systemu komentarzy,<\/li>\n\n\n\n<li>promocji oferty Administratora,<\/li>\n\n\n\n<li>marketingu, remarketingu, afiliacji,<\/li>\n\n\n\n<li>personalizacji Serwisu dla U\u017cytkownik\u00f3w,<\/li>\n\n\n\n<li>dzia\u0142a\u0144 analitycznych i statystycznych,<\/li>\n\n\n\n<li>ustalenia i dochodzenia roszcze\u0144\u00a0albo obrony przed nimi.<\/li>\n<\/ul>\n<\/li>\n\n\n\n<li>Podanie danych jest dobrowolne, ale niezb\u0119dne do zawarcia umowy albo skorzystania z innych funkcjonalno\u015bci Serwisu.<\/li>\n<\/ol>\n\n\n\n<p><strong>IV. Rodzaj przetwarzanych danych osobowych<\/strong><\/p>\n\n\n\n<p>Administrator mo\u017ce przetwarza\u0107&nbsp;dane osobowe U\u017cytkownika: imi\u0119 i nazwisko, data urodzenia, adres zamieszkania, adres e-mail, numer telefonu, NIP.<\/p>\n\n\n\n<p><strong>V. Okres przetwarzania danych osobowych<\/strong><\/p>\n\n\n\n<p>Dane osobowe U\u017cytkownik\u00f3w b\u0119d\u0105 przetwarzane przez okres:<\/p>\n\n\n\n<ul class=\"wp-block-list\">\n<li>gdy podstaw\u0105 przetwarzania danych jest wykonanie umowy \u2013 do momentu przedawnienia roszcze\u0144 po jej wykonaniu,<\/li>\n\n\n\n<li>gdy podstaw\u0105 przetwarzania danych jest zgoda \u2013 do momentu jej odwo\u0142ania, a\u00a0po odwo\u0142aniu zgody do przedawnienia roszcze\u0144.<\/li>\n<\/ul>\n\n\n\n<p>W obu przypadkach termin przedawnienia wynosi 6 lat, a&nbsp;dla roszcze\u0144 o&nbsp;\u015bwiadczenia okresowe i roszcze\u0144 dotycz\u0105cych&nbsp;prowadzenia dzia\u0142alno\u015bci gospodarczej \u2013 3 lata (je\u015bli przepis szczeg\u00f3lny nie stanowi inaczej).<\/p>\n\n\n\n<p><strong>VI. Udost\u0119pnianie danych osobowych<\/strong><\/p>\n\n\n\n<ol class=\"wp-block-list\" start=\"1\">\n<li>Dane osobowe U\u017cytkownik\u00f3w mog\u0105 by\u0107 przekazywane: podmiotom powi\u0105zanym z Administratorem, jego podwykonawcom, podmiotom wsp\u00f3\u0142pracuj\u0105cym z Administratorem np. firmom obs\u0142uguj\u0105cym e-p\u0142atno\u015bci, firmom \u015bwiadcz\u0105cym us\u0142ugi kurierskie\/pocztowe, kancelariom prawnym.<\/li>\n\n\n\n<li>Dane osobowe U\u017cytkownik\u00f3w nie b\u0119d\u0105 przekazywane poza teren Europejskiego Obszaru Gospodarczego (EOG).<\/li>\n<\/ol>\n\n\n\n<p><strong>VII. Prawa U\u017cytkownik\u00f3w<\/strong><\/p>\n\n\n\n<ol class=\"wp-block-list\" start=\"1\">\n<li>U\u017cytkownik Serwisu ma prawo do: dost\u0119pu do tre\u015bci swoich danych osobowych, ich sprostowania, usuni\u0119cia, ograniczenia przetwarzania, przenoszenia, wniesienia sprzeciwu wobec przetwarzania, cofni\u0119cia zgody w ka\u017cdej chwili (co nie ma\u00a0wp\u0142ywu na zgodno\u015b\u0107 z prawem przetwarzania dokonanego w oparciu o zgod\u0119 przed jej cofni\u0119ciem).<\/li>\n\n\n\n<li>Zg\u0142oszenie o wyst\u0105pieniu przez U\u017cytkownika z\u00a0uprawnieniem wynikaj\u0105cym z\u00a0wymienionych praw nale\u017cy przes\u0142a\u0107 na adres anndoveshop@gmail.com<\/li>\n\n\n\n<li>Administrator spe\u0142nia lub odmawia\u00a0spe\u0142nienia \u017c\u0105dania\u00a0niezw\u0142ocznie \u2013 maksymalnie w ci\u0105gu miesi\u0105ca od jego otrzymania.<\/li>\n\n\n\n<li>U\u017cytkownik ma prawo z\u0142o\u017cy\u0107 skarg\u0119 do Prezesa Urz\u0119du Ochrony Danych Osobowych, je\u015bli uzna, \u017ce przetwarzanie narusza jego prawa i wolno\u015bci (RODO).<\/li>\n<\/ol>\n\n\n\n<p><strong>VIII. Pliki cookies<\/strong><\/p>\n\n\n\n<ol class=\"wp-block-list\" start=\"1\">\n<li>Serwis zbiera informacje za pomoc\u0105 plik\u00f3w cookies \u2013 sesyjnych, sta\u0142ych i podmiot\u00f3w zewn\u0119trznych.<\/li>\n\n\n\n<li>Zbieranie plik\u00f3w cookies wspiera poprawne \u015bwiadczenie us\u0142ug w Serwisie i s\u0142u\u017cy celom statystycznym.<\/li>\n\n\n\n<li>U\u017cytkownik mo\u017ce okre\u015bli\u0107 zakres dost\u0119pu plik\u00f3w cookies do swojego urz\u0105dzenia w ustawieniach przegl\u0105darki.<\/li>\n<\/ol>\n\n\n\n<p><strong>IX. Zautomatyzowane podejmowanie decyzji i profilowanie<\/strong><\/p>\n\n\n\n<ol class=\"wp-block-list\" start=\"1\">\n<li>Dane U\u017cytkownik\u00f3w nie mog\u0105 by\u0107\u00a0przetwarzane w zautomatyzowany spos\u00f3b tak, \u017ce na skutek tego mog\u0142yby zapa\u015b\u0107 wobec nich jakiekolwiek decyzje.<\/li>\n\n\n\n<li>Dane U\u017cytkownik\u00f3w mog\u0105 by\u0107 profilowane celem dostosowania tre\u015bci i personalizacji oferty po wyra\u017ceniu przez nich zgody.<\/li>\n<\/ol>\n\n\n\n<p><strong>X. Postanowienia ko\u0144cowe<\/strong><\/p>\n\n\n\n<ol class=\"wp-block-list\" start=\"1\">\n<li>Administrator ma prawo do wprowadzenia zmian w Polityce prywatno\u015bci, przy czym prawa U\u017cytkownik\u00f3w nie zostan\u0105 ograniczone.<\/li>\n\n\n\n<li>Informacja o wprowadzonych zmianach pojawi si\u0119 w formie komunikatu dost\u0119pnego w Serwisie.<\/li>\n\n\n\n<li>W sprawach nieuregulowanych w niniejszej Polityce prywatno\u015bci obowi\u0105zuj\u0105 przepisy RODO i przepisy prawa polskiego.<\/li>\n<\/ol>\n","protected":false},"excerpt":{"rendered":"<p>I. Postanowienia og\u00f3lne II. Administrator danych Administratorem danych osobowych zbieranych poprzez Serwis jestPerfect Solutions Marek Go\u0142\u0105b, NIP: 6322006537 REGON: 520214313, adres: ul. Wielkanocna 38F, 30-376 Krak\u00f3w, adres elektroniczny: anndoveshop@gmail.com III. Cel zbierania danych osobowych IV. Rodzaj przetwarzanych danych osobowych Administrator mo\u017ce przetwarza\u0107&nbsp;dane osobowe U\u017cytkownika: imi\u0119 i nazwisko, data urodzenia, adres zamieszkania, adres e-mail, numer telefonu, [&hellip;]<\/p>\n","protected":false},"author":1,"featured_media":0,"parent":0,"menu_order":0,"comment_status":"closed","ping_status":"closed","template":"","meta":{"footnotes":""},"class_list":["post-229","page","type-page","status-publish","hentry"],"_links":{"self":[{"href":"https:\/\/ann-dove-author.com\/index.php?rest_route=\/wp\/v2\/pages\/229","targetHints":{"allow":["GET"]}}],"collection":[{"href":"https:\/\/ann-dove-author.com\/index.php?rest_route=\/wp\/v2\/pages"}],"about":[{"href":"https:\/\/ann-dove-author.com\/index.php?rest_route=\/wp\/v2\/types\/page"}],"author":[{"embeddable":true,"href":"https:\/\/ann-dove-author.com\/index.php?rest_route=\/wp\/v2\/users\/1"}],"replies":[{"embeddable":true,"href":"https:\/\/ann-dove-author.com\/index.php?rest_route=%2Fwp%2Fv2%2Fcomments&post=229"}],"version-history":[{"count":2,"href":"https:\/\/ann-dove-author.com\/index.php?rest_route=\/wp\/v2\/pages\/229\/revisions"}],"predecessor-version":[{"id":232,"href":"https:\/\/ann-dove-author.com\/index.php?rest_route=\/wp\/v2\/pages\/229\/revisions\/232"}],"wp:attachment":[{"href":"https:\/\/ann-dove-author.com\/index.php?rest_route=%2Fwp%2Fv2%2Fmedia&parent=229"}],"curies":[{"name":"wp","href":"https:\/\/api.w.org\/{rel}","templated":true}]}}