{"id":81,"date":"2022-11-30T11:41:44","date_gmt":"2022-11-30T11:41:44","guid":{"rendered":"https:\/\/kentatheme.com\/aurora\/?page_id=18"},"modified":"2024-06-13T15:16:09","modified_gmt":"2024-06-13T14:16:09","slug":"about","status":"publish","type":"page","link":"https:\/\/ann-dove-author.com\/?page_id=81","title":{"rendered":"O autorce"},"content":{"rendered":"<div class=\"wp-block-image is-style-default\">\n<figure class=\"aligncenter size-full is-resized\"><img fetchpriority=\"high\" decoding=\"async\" width=\"573\" height=\"780\" src=\"https:\/\/ann-dove-author.com\/wp-content\/uploads\/2024\/06\/profil-cropped-\u2014-kopia-1.webp\" alt=\"\" class=\"wp-image-172\" style=\"width:267px;height:auto\" srcset=\"https:\/\/ann-dove-author.com\/wp-content\/uploads\/2024\/06\/profil-cropped-\u2014-kopia-1.webp 573w, https:\/\/ann-dove-author.com\/wp-content\/uploads\/2024\/06\/profil-cropped-\u2014-kopia-1-220x300.webp 220w\" sizes=\"(max-width: 573px) 100vw, 573px\" \/><\/figure>\n<\/div>\n\n\n<p class=\"has-text-align-center\">Cze\u015b\u0107! Fajnie, \u017ce tu jeste\u015b!<br>Mam na imi\u0119 Ania (cho\u0107 mo\u017cesz mnie zna\u0107 pod pseudonimem Ann Dove). Jestem absolwentk\u0105 Filologii Angielskiej Uniwersytetu \u015al\u0105skiego, a z zawodu rekruterk\u0105. Moja ksi\u0105\u017ckowa pasja zacz\u0119\u0142a si\u0119 w bardzo m\u0142odym wieku, kiedy mama i babcia czyta\u0142y mi moje ulubione ksi\u0105\u017cki, a kiedy nauczy\u0142am si\u0119 pisa\u0107, postanowi\u0142am stworzy\u0107 swoj\u0105 pierwsz\u0105 histori\u0119.<\/p>\n\n\n\n<p class=\"has-text-align-center\">Przelewanie my\u015bli na papier zawsze by\u0142o dla mnie mi\u0142\u0105 odskoczni\u0105 od rzeczywisto\u015bci i zale\u017cnie od nastroju tworzy\u0142am przer\u00f3\u017cne historie, kt\u00f3re czyta\u0142y moja siostra i kuzynka. W ko\u0144cu dzi\u0119ki starszemu bratu odkry\u0142am \u015bwiat fantastyki i stwierdzi\u0142am, \u017ce to jest w\u0142a\u015bnie moja bajka i do tej pory w niej tkwi\u0119\ud83d\ude09!<br>Swoje ksi\u0105\u017cki zdecydowa\u0142am si\u0119 opublikowa\u0107 po raz pierwszy w roku 2021, w j\u0119zyku angielskim na pewnym znanym portalu. W sierpniu 2023 zadebiutowa\u0142am na rynku polskim swoj\u0105 ksi\u0105\u017ck\u0105 \u201eCzystokrwisty\u201d, kt\u00f3ra jest wikingowym retellingiem &#8222;Romeo i Julii&#8221; z domieszk\u0105 magii oraz wampirami. Seria &#8222;Zmierzch bog\u00f3w&#8221; to z kolei retelling &#8222;Pi\u0119knej i bestii&#8221;, osadzony w mitologicznym \u015bwiecie Niu Riki (Dziewi\u0119\u0107 \u015awiat\u00f3w).<br>B\u0119dzie mi mi\u0142o, je\u015bli zechcesz wesprze\u0107 moj\u0105 tw\u00f3rczo\u015b\u0107 poprzez zostawienie recenzji\/oceny na lubimyczytac.pl, Instagramie, Goodreads, albo Tiktoku \ud83d\ude0a! Zapraszam r\u00f3wnie\u017c do \u015bledzenia mnie w social media!<br><\/p>\n\n\n\n<p><\/p>\n","protected":false},"excerpt":{"rendered":"<p>Cze\u015b\u0107! Fajnie, \u017ce tu jeste\u015b!Mam na imi\u0119 Ania (cho\u0107 mo\u017cesz mnie zna\u0107 pod pseudonimem Ann Dove). Jestem absolwentk\u0105 Filologii Angielskiej Uniwersytetu \u015al\u0105skiego, a z zawodu rekruterk\u0105. Moja ksi\u0105\u017ckowa pasja zacz\u0119\u0142a si\u0119 w bardzo m\u0142odym wieku, kiedy mama i babcia czyta\u0142y mi moje ulubione ksi\u0105\u017cki, a kiedy nauczy\u0142am si\u0119 pisa\u0107, postanowi\u0142am stworzy\u0107 swoj\u0105 pierwsz\u0105 histori\u0119. Przelewanie [&hellip;]<\/p>\n","protected":false},"author":1,"featured_media":0,"parent":0,"menu_order":0,"comment_status":"closed","ping_status":"closed","template":"","meta":{"footnotes":""},"class_list":["post-81","page","type-page","status-publish","hentry"],"_links":{"self":[{"href":"https:\/\/ann-dove-author.com\/index.php?rest_route=\/wp\/v2\/pages\/81","targetHints":{"allow":["GET"]}}],"collection":[{"href":"https:\/\/ann-dove-author.com\/index.php?rest_route=\/wp\/v2\/pages"}],"about":[{"href":"https:\/\/ann-dove-author.com\/index.php?rest_route=\/wp\/v2\/types\/page"}],"author":[{"embeddable":true,"href":"https:\/\/ann-dove-author.com\/index.php?rest_route=\/wp\/v2\/users\/1"}],"replies":[{"embeddable":true,"href":"https:\/\/ann-dove-author.com\/index.php?rest_route=%2Fwp%2Fv2%2Fcomments&post=81"}],"version-history":[{"count":9,"href":"https:\/\/ann-dove-author.com\/index.php?rest_route=\/wp\/v2\/pages\/81\/revisions"}],"predecessor-version":[{"id":198,"href":"https:\/\/ann-dove-author.com\/index.php?rest_route=\/wp\/v2\/pages\/81\/revisions\/198"}],"wp:attachment":[{"href":"https:\/\/ann-dove-author.com\/index.php?rest_route=%2Fwp%2Fv2%2Fmedia&parent=81"}],"curies":[{"name":"wp","href":"https:\/\/api.w.org\/{rel}","templated":true}]}}