{"id":115,"date":"2023-10-22T16:28:36","date_gmt":"2023-10-22T16:28:36","guid":{"rendered":"https:\/\/34.38.5.53\/?post_type=product&#038;p=115"},"modified":"2026-02-28T00:18:29","modified_gmt":"2026-02-27T23:18:29","slug":"czystokrwisty","status":"publish","type":"product","link":"https:\/\/ann-dove-author.com\/?product=czystokrwisty","title":{"rendered":"Czystokrwisty"},"content":{"rendered":"<p>Ivar Sturlung jest przekonany, \u017ce spotka\u0142 sw\u0105 bratni\u0105 dusz\u0119 w dniu, w kt\u00f3rym pozna\u0142 pi\u0119kn\u0105 ciemnow\u0142os\u0105 \u0141owczyni\u0119. Mimo i\u017c uciek\u0142a, wiedzia\u0142, \u017ce znowu si\u0119 spotkaj\u0105. I tak te\u017c si\u0119 dzieje &#8211; na polu bitwy. Los zdaje si\u0119 z niego kpi\u0107&#8230; Kira \u00c1sbirningar wiedzia\u0142a, \u017ce ten dzie\u0144 nadejdzie, cho\u0107 wola\u0142aby aby nasta\u0142 p\u00f3\u017aniej. Niestety znale\u017ali si\u0119 twarz\u0105 w twarz jako zaprzysi\u0119gli wrogowie, walcz\u0105cy po przeciwnych stronach. Jednak dziewczyna nie nale\u017cy do cichych i pokornych. Znajduje wi\u0119c sprytny spos\u00f3b na to, by ocali\u0107 \u017cycie nieznajomego, nie sprzeciwiaj\u0105c si\u0119 otwarcie rozkazom ojca, m\u00f3wi\u0105cym by zabi\u0142a wszystkich Sturlung\u00f3w.<\/p>\n<p>Jednak dziewczyna nie ma poj\u0119cia, jakie konsekwencje poci\u0105gnie za sob\u0105 jej czyn. Zostaje bowiem zwi\u0105zana magiczn\u0105 wi\u0119zi\u0105 z m\u0119\u017cczyzn\u0105, kt\u00f3ry zdaje si\u0119 nienawidzi\u0107 jej do \u017cywego. Gdyby tego by\u0142o ma\u0142o, nowe zagro\u017cenie czai si\u0119 za Morzem Norweskim. Czy po\u015bwi\u0119cenie to jedyna droga ku ocaleniu jej poddanych i ca\u0142ej Islandii&#8230;?<\/p>\n<p>&nbsp;<\/p>\n<p>&nbsp;<\/p>\n<p>*Obwoluta widoczna w g\u0142\u00f3wnym zdj\u0119ciu gratis<\/p>\n","protected":false},"excerpt":{"rendered":"<p>Ivar Sturlung jest przekonany, \u017ce spotka\u0142 sw\u0105 bratni\u0105 dusz\u0119 w dniu, w kt\u00f3rym pozna\u0142 pi\u0119kn\u0105 ciemnow\u0142os\u0105 \u0141owczyni\u0119. Mimo i\u017c uciek\u0142a, wiedzia\u0142, \u017ce znowu si\u0119 spotkaj\u0105. I tak te\u017c si\u0119 dzieje &#8211; na polu bitwy. Los zdaje si\u0119 z niego kpi\u0107&#8230; Kira \u00c1sbirningar wiedzia\u0142a, \u017ce ten dzie\u0144 nadejdzie, cho\u0107 wola\u0142aby aby nasta\u0142 p\u00f3\u017aniej. Niestety znale\u017ali si\u0119 [&hellip;]<\/p>\n","protected":false},"featured_media":628,"template":"","meta":[],"product_brand":[],"product_cat":[19],"product_tag":[21,20],"class_list":{"0":"post-115","1":"product","2":"type-product","3":"status-publish","4":"has-post-thumbnail","6":"product_cat-ksiazki","7":"product_tag-enemiestolovers","8":"product_tag-romantasy","10":"first","11":"instock","12":"taxable","13":"shipping-taxable","14":"purchasable","15":"product-type-simple"},"_links":{"self":[{"href":"https:\/\/ann-dove-author.com\/index.php?rest_route=\/wp\/v2\/product\/115","targetHints":{"allow":["GET"]}}],"collection":[{"href":"https:\/\/ann-dove-author.com\/index.php?rest_route=\/wp\/v2\/product"}],"about":[{"href":"https:\/\/ann-dove-author.com\/index.php?rest_route=\/wp\/v2\/types\/product"}],"wp:featuredmedia":[{"embeddable":true,"href":"https:\/\/ann-dove-author.com\/index.php?rest_route=\/wp\/v2\/media\/628"}],"wp:attachment":[{"href":"https:\/\/ann-dove-author.com\/index.php?rest_route=%2Fwp%2Fv2%2Fmedia&parent=115"}],"wp:term":[{"taxonomy":"product_brand","embeddable":true,"href":"https:\/\/ann-dove-author.com\/index.php?rest_route=%2Fwp%2Fv2%2Fproduct_brand&post=115"},{"taxonomy":"product_cat","embeddable":true,"href":"https:\/\/ann-dove-author.com\/index.php?rest_route=%2Fwp%2Fv2%2Fproduct_cat&post=115"},{"taxonomy":"product_tag","embeddable":true,"href":"https:\/\/ann-dove-author.com\/index.php?rest_route=%2Fwp%2Fv2%2Fproduct_tag&post=115"}],"curies":[{"name":"wp","href":"https:\/\/api.w.org\/{rel}","templated":true}]}}