{"id":377,"date":"2024-10-07T12:00:08","date_gmt":"2024-10-07T11:00:08","guid":{"rendered":"https:\/\/ann-dove-author.com\/?post_type=product&#038;p=377"},"modified":"2025-05-10T14:07:20","modified_gmt":"2025-05-10T13:07:20","slug":"fenrir-zawieszka-i-lancuszek","status":"publish","type":"product","link":"https:\/\/ann-dove-author.com\/?product=fenrir-zawieszka-i-lancuszek","title":{"rendered":"Fenrir zawieszka i \u0142a\u0144cuszek"},"content":{"rendered":"<p>Materia\u0142: stal chirurgiczna.<br \/>\nD\u0142ugo\u015b\u0107 zawieszki: 4,5 cm.<br \/>\nD\u0142ugo\u015b\u0107 \u0142a\u0144cuszka: 60 cm.<\/p>\n","protected":false},"excerpt":{"rendered":"<p>Materia\u0142: stal chirurgiczna. D\u0142ugo\u015b\u0107 zawieszki: 4,5 cm. D\u0142ugo\u015b\u0107 \u0142a\u0144cuszka: 60 cm.<\/p>\n","protected":false},"featured_media":378,"template":"","meta":[],"product_brand":[],"product_cat":[31],"product_tag":[],"class_list":{"0":"post-377","1":"product","2":"type-product","3":"status-publish","4":"has-post-thumbnail","6":"product_cat-gadzety","8":"first","9":"instock","10":"taxable","11":"shipping-taxable","12":"purchasable","13":"product-type-simple"},"_links":{"self":[{"href":"https:\/\/ann-dove-author.com\/index.php?rest_route=\/wp\/v2\/product\/377","targetHints":{"allow":["GET"]}}],"collection":[{"href":"https:\/\/ann-dove-author.com\/index.php?rest_route=\/wp\/v2\/product"}],"about":[{"href":"https:\/\/ann-dove-author.com\/index.php?rest_route=\/wp\/v2\/types\/product"}],"wp:featuredmedia":[{"embeddable":true,"href":"https:\/\/ann-dove-author.com\/index.php?rest_route=\/wp\/v2\/media\/378"}],"wp:attachment":[{"href":"https:\/\/ann-dove-author.com\/index.php?rest_route=%2Fwp%2Fv2%2Fmedia&parent=377"}],"wp:term":[{"taxonomy":"product_brand","embeddable":true,"href":"https:\/\/ann-dove-author.com\/index.php?rest_route=%2Fwp%2Fv2%2Fproduct_brand&post=377"},{"taxonomy":"product_cat","embeddable":true,"href":"https:\/\/ann-dove-author.com\/index.php?rest_route=%2Fwp%2Fv2%2Fproduct_cat&post=377"},{"taxonomy":"product_tag","embeddable":true,"href":"https:\/\/ann-dove-author.com\/index.php?rest_route=%2Fwp%2Fv2%2Fproduct_tag&post=377"}],"curies":[{"name":"wp","href":"https:\/\/api.w.org\/{rel}","templated":true}]}}