{"id":394,"date":"2024-10-07T13:30:27","date_gmt":"2024-10-07T12:30:27","guid":{"rendered":"https:\/\/ann-dove-author.com\/?post_type=product&#038;p=394"},"modified":"2025-05-10T14:04:22","modified_gmt":"2025-05-10T13:04:22","slug":"kolczyki-plecionka-celtycka","status":"publish","type":"product","link":"https:\/\/ann-dove-author.com\/?product=kolczyki-plecionka-celtycka","title":{"rendered":"kolczyki plecionka celtycka"},"content":{"rendered":"<p>Materia\u0142 haczyka: mied\u017a posrebrzana<br \/>\nD\u0142ugo\u015b\u0107 zawieszki: 4 cm<\/p>\n","protected":false},"excerpt":{"rendered":"<p>Materia\u0142 haczyka: mied\u017a posrebrzana D\u0142ugo\u015b\u0107 zawieszki: 4 cm<\/p>\n","protected":false},"featured_media":396,"template":"","meta":[],"product_brand":[],"product_cat":[31],"product_tag":[],"class_list":{"0":"post-394","1":"product","2":"type-product","3":"status-publish","4":"has-post-thumbnail","6":"product_cat-gadzety","8":"first","9":"instock","10":"taxable","11":"shipping-taxable","12":"purchasable","13":"product-type-simple"},"_links":{"self":[{"href":"https:\/\/ann-dove-author.com\/index.php?rest_route=\/wp\/v2\/product\/394","targetHints":{"allow":["GET"]}}],"collection":[{"href":"https:\/\/ann-dove-author.com\/index.php?rest_route=\/wp\/v2\/product"}],"about":[{"href":"https:\/\/ann-dove-author.com\/index.php?rest_route=\/wp\/v2\/types\/product"}],"wp:featuredmedia":[{"embeddable":true,"href":"https:\/\/ann-dove-author.com\/index.php?rest_route=\/wp\/v2\/media\/396"}],"wp:attachment":[{"href":"https:\/\/ann-dove-author.com\/index.php?rest_route=%2Fwp%2Fv2%2Fmedia&parent=394"}],"wp:term":[{"taxonomy":"product_brand","embeddable":true,"href":"https:\/\/ann-dove-author.com\/index.php?rest_route=%2Fwp%2Fv2%2Fproduct_brand&post=394"},{"taxonomy":"product_cat","embeddable":true,"href":"https:\/\/ann-dove-author.com\/index.php?rest_route=%2Fwp%2Fv2%2Fproduct_cat&post=394"},{"taxonomy":"product_tag","embeddable":true,"href":"https:\/\/ann-dove-author.com\/index.php?rest_route=%2Fwp%2Fv2%2Fproduct_tag&post=394"}],"curies":[{"name":"wp","href":"https:\/\/api.w.org\/{rel}","templated":true}]}}