{"id":399,"date":"2024-10-07T13:36:10","date_gmt":"2024-10-07T12:36:10","guid":{"rendered":"https:\/\/ann-dove-author.com\/?post_type=product&#038;p=399"},"modified":"2025-05-10T14:02:20","modified_gmt":"2025-05-10T13:02:20","slug":"kolczyki-kiel-wilkolaka","status":"publish","type":"product","link":"https:\/\/ann-dove-author.com\/?product=kolczyki-kiel-wilkolaka","title":{"rendered":"kolczyki kie\u0142 wilko\u0142aka"},"content":{"rendered":"<p>Materia\u0142 kolczyka: mied\u017a posrebrzana<br \/>\nMateria\u0142 kolczyka: kamie\u0144<\/p>\n","protected":false},"excerpt":{"rendered":"<p>Materia\u0142 kolczyka: mied\u017a posrebrzana Materia\u0142 kolczyka: kamie\u0144<\/p>\n","protected":false},"featured_media":400,"template":"","meta":[],"product_brand":[],"product_cat":[31],"product_tag":[],"class_list":{"0":"post-399","1":"product","2":"type-product","3":"status-publish","4":"has-post-thumbnail","6":"product_cat-gadzety","8":"first","9":"instock","10":"taxable","11":"shipping-taxable","12":"purchasable","13":"product-type-simple"},"_links":{"self":[{"href":"https:\/\/ann-dove-author.com\/index.php?rest_route=\/wp\/v2\/product\/399","targetHints":{"allow":["GET"]}}],"collection":[{"href":"https:\/\/ann-dove-author.com\/index.php?rest_route=\/wp\/v2\/product"}],"about":[{"href":"https:\/\/ann-dove-author.com\/index.php?rest_route=\/wp\/v2\/types\/product"}],"wp:featuredmedia":[{"embeddable":true,"href":"https:\/\/ann-dove-author.com\/index.php?rest_route=\/wp\/v2\/media\/400"}],"wp:attachment":[{"href":"https:\/\/ann-dove-author.com\/index.php?rest_route=%2Fwp%2Fv2%2Fmedia&parent=399"}],"wp:term":[{"taxonomy":"product_brand","embeddable":true,"href":"https:\/\/ann-dove-author.com\/index.php?rest_route=%2Fwp%2Fv2%2Fproduct_brand&post=399"},{"taxonomy":"product_cat","embeddable":true,"href":"https:\/\/ann-dove-author.com\/index.php?rest_route=%2Fwp%2Fv2%2Fproduct_cat&post=399"},{"taxonomy":"product_tag","embeddable":true,"href":"https:\/\/ann-dove-author.com\/index.php?rest_route=%2Fwp%2Fv2%2Fproduct_tag&post=399"}],"curies":[{"name":"wp","href":"https:\/\/api.w.org\/{rel}","templated":true}]}}