{"id":403,"date":"2024-10-07T13:41:36","date_gmt":"2024-10-07T12:41:36","guid":{"rendered":"https:\/\/ann-dove-author.com\/?post_type=product&#038;p=403"},"modified":"2025-08-17T10:56:30","modified_gmt":"2025-08-17T09:56:30","slug":"kolczyki-miecz-uskrzydlony","status":"publish","type":"product","link":"https:\/\/ann-dove-author.com\/?product=kolczyki-miecz-uskrzydlony","title":{"rendered":"kolczyki miecz uskrzydlony"},"content":{"rendered":"<p>Materia\u0142 kolczyka: mied\u017a posrebrzana<br \/>\nd\u0142ugo\u015b\u0107 zawieszki: 5 cm<\/p>\n","protected":false},"excerpt":{"rendered":"<blockquote><p>&nbsp;<\/p><\/blockquote>\n","protected":false},"featured_media":404,"template":"","meta":[],"product_brand":[],"product_cat":[31],"product_tag":[],"class_list":{"0":"post-403","1":"product","2":"type-product","3":"status-publish","4":"has-post-thumbnail","6":"product_cat-gadzety","8":"first","9":"outofstock","10":"taxable","11":"shipping-taxable","12":"purchasable","13":"product-type-simple"},"_links":{"self":[{"href":"https:\/\/ann-dove-author.com\/index.php?rest_route=\/wp\/v2\/product\/403","targetHints":{"allow":["GET"]}}],"collection":[{"href":"https:\/\/ann-dove-author.com\/index.php?rest_route=\/wp\/v2\/product"}],"about":[{"href":"https:\/\/ann-dove-author.com\/index.php?rest_route=\/wp\/v2\/types\/product"}],"wp:featuredmedia":[{"embeddable":true,"href":"https:\/\/ann-dove-author.com\/index.php?rest_route=\/wp\/v2\/media\/404"}],"wp:attachment":[{"href":"https:\/\/ann-dove-author.com\/index.php?rest_route=%2Fwp%2Fv2%2Fmedia&parent=403"}],"wp:term":[{"taxonomy":"product_brand","embeddable":true,"href":"https:\/\/ann-dove-author.com\/index.php?rest_route=%2Fwp%2Fv2%2Fproduct_brand&post=403"},{"taxonomy":"product_cat","embeddable":true,"href":"https:\/\/ann-dove-author.com\/index.php?rest_route=%2Fwp%2Fv2%2Fproduct_cat&post=403"},{"taxonomy":"product_tag","embeddable":true,"href":"https:\/\/ann-dove-author.com\/index.php?rest_route=%2Fwp%2Fv2%2Fproduct_tag&post=403"}],"curies":[{"name":"wp","href":"https:\/\/api.w.org\/{rel}","templated":true}]}}