{"id":405,"date":"2024-10-07T13:43:51","date_gmt":"2024-10-07T12:43:51","guid":{"rendered":"https:\/\/ann-dove-author.com\/?post_type=product&#038;p=405"},"modified":"2025-05-10T14:03:55","modified_gmt":"2025-05-10T13:03:55","slug":"kolczyki-topory","status":"publish","type":"product","link":"https:\/\/ann-dove-author.com\/?product=kolczyki-topory","title":{"rendered":"kolczyki topory"},"content":{"rendered":"<p>Materia\u0142 kolczyka: mied\u017a posrebrzana<br \/>\nd\u0142ugo\u015b\u0107 zawieszki: 6 cm<\/p>\n","protected":false},"excerpt":{"rendered":"<p>Materia\u0142 kolczyka: mied\u017a posrebrzana d\u0142ugo\u015b\u0107 zawieszki: 6 cm<\/p>\n","protected":false},"featured_media":406,"template":"","meta":[],"product_brand":[],"product_cat":[31],"product_tag":[],"class_list":{"0":"post-405","1":"product","2":"type-product","3":"status-publish","4":"has-post-thumbnail","6":"product_cat-gadzety","8":"first","9":"instock","10":"taxable","11":"shipping-taxable","12":"purchasable","13":"product-type-simple"},"_links":{"self":[{"href":"https:\/\/ann-dove-author.com\/index.php?rest_route=\/wp\/v2\/product\/405","targetHints":{"allow":["GET"]}}],"collection":[{"href":"https:\/\/ann-dove-author.com\/index.php?rest_route=\/wp\/v2\/product"}],"about":[{"href":"https:\/\/ann-dove-author.com\/index.php?rest_route=\/wp\/v2\/types\/product"}],"wp:featuredmedia":[{"embeddable":true,"href":"https:\/\/ann-dove-author.com\/index.php?rest_route=\/wp\/v2\/media\/406"}],"wp:attachment":[{"href":"https:\/\/ann-dove-author.com\/index.php?rest_route=%2Fwp%2Fv2%2Fmedia&parent=405"}],"wp:term":[{"taxonomy":"product_brand","embeddable":true,"href":"https:\/\/ann-dove-author.com\/index.php?rest_route=%2Fwp%2Fv2%2Fproduct_brand&post=405"},{"taxonomy":"product_cat","embeddable":true,"href":"https:\/\/ann-dove-author.com\/index.php?rest_route=%2Fwp%2Fv2%2Fproduct_cat&post=405"},{"taxonomy":"product_tag","embeddable":true,"href":"https:\/\/ann-dove-author.com\/index.php?rest_route=%2Fwp%2Fv2%2Fproduct_tag&post=405"}],"curies":[{"name":"wp","href":"https:\/\/api.w.org\/{rel}","templated":true}]}}