{"id":407,"date":"2024-10-07T13:46:00","date_gmt":"2024-10-07T12:46:00","guid":{"rendered":"https:\/\/ann-dove-author.com\/?post_type=product&#038;p=407"},"modified":"2025-05-10T14:03:40","modified_gmt":"2025-05-10T13:03:40","slug":"kolczyki-drzewo-zycia","status":"publish","type":"product","link":"https:\/\/ann-dove-author.com\/?product=kolczyki-drzewo-zycia","title":{"rendered":"kolczyki drzewo \u017cycia"},"content":{"rendered":"<p>Materia\u0142 kolczyka: mied\u017a posrebrzana<br \/>\nd\u0142ugo\u015b\u0107 zawieszki: 2,5 cm<\/p>\n","protected":false},"excerpt":{"rendered":"<p>Materia\u0142 kolczyka: mied\u017a posrebrzana d\u0142ugo\u015b\u0107 zawieszki: 2,5 cm<\/p>\n","protected":false},"featured_media":408,"template":"","meta":[],"product_brand":[],"product_cat":[31],"product_tag":[],"class_list":{"0":"post-407","1":"product","2":"type-product","3":"status-publish","4":"has-post-thumbnail","6":"product_cat-gadzety","8":"first","9":"instock","10":"taxable","11":"shipping-taxable","12":"purchasable","13":"product-type-simple"},"_links":{"self":[{"href":"https:\/\/ann-dove-author.com\/index.php?rest_route=\/wp\/v2\/product\/407","targetHints":{"allow":["GET"]}}],"collection":[{"href":"https:\/\/ann-dove-author.com\/index.php?rest_route=\/wp\/v2\/product"}],"about":[{"href":"https:\/\/ann-dove-author.com\/index.php?rest_route=\/wp\/v2\/types\/product"}],"wp:featuredmedia":[{"embeddable":true,"href":"https:\/\/ann-dove-author.com\/index.php?rest_route=\/wp\/v2\/media\/408"}],"wp:attachment":[{"href":"https:\/\/ann-dove-author.com\/index.php?rest_route=%2Fwp%2Fv2%2Fmedia&parent=407"}],"wp:term":[{"taxonomy":"product_brand","embeddable":true,"href":"https:\/\/ann-dove-author.com\/index.php?rest_route=%2Fwp%2Fv2%2Fproduct_brand&post=407"},{"taxonomy":"product_cat","embeddable":true,"href":"https:\/\/ann-dove-author.com\/index.php?rest_route=%2Fwp%2Fv2%2Fproduct_cat&post=407"},{"taxonomy":"product_tag","embeddable":true,"href":"https:\/\/ann-dove-author.com\/index.php?rest_route=%2Fwp%2Fv2%2Fproduct_tag&post=407"}],"curies":[{"name":"wp","href":"https:\/\/api.w.org\/{rel}","templated":true}]}}