{"id":430,"date":"2024-10-21T11:21:54","date_gmt":"2024-10-21T10:21:54","guid":{"rendered":"https:\/\/ann-dove-author.com\/?post_type=product&#038;p=430"},"modified":"2025-08-02T14:05:39","modified_gmt":"2025-08-02T13:05:39","slug":"klamra-do-wlosow-swetra","status":"publish","type":"product","link":"https:\/\/ann-dove-author.com\/?product=klamra-do-wlosow-swetra","title":{"rendered":"klamra do w\u0142os\u00f3w\/swetra"},"content":{"rendered":"<p>Klamra ze stali chirurgicznej &#8211; mo\u017ce s\u0142u\u017cy\u0107 jako ozdoba do w\u0142os\u00f3w, lub zapinka do swetra.<br \/>\nSzeroko\u015b\u0107: 8 cm<br \/>\nwysoko\u015b\u0107: 5 cm,<br \/>\nD\u0142ugo\u015b\u0107 sz[ilki: 7,5 cm<\/p>\n","protected":false},"excerpt":{"rendered":"<p>Klamra ze stali chirurgicznej &#8211; mo\u017ce s\u0142u\u017cy\u0107 jako ozdoba do w\u0142os\u00f3w, lub zapinka do swetra. Szeroko\u015b\u0107: 8 cm wysoko\u015b\u0107: 5 cm, D\u0142ugo\u015b\u0107 sz[ilki: 7,5 cm<\/p>\n","protected":false},"featured_media":433,"template":"","meta":[],"product_brand":[],"product_cat":[31],"product_tag":[],"class_list":{"0":"post-430","1":"product","2":"type-product","3":"status-publish","4":"has-post-thumbnail","6":"product_cat-gadzety","8":"first","9":"instock","10":"taxable","11":"shipping-taxable","12":"purchasable","13":"product-type-simple"},"_links":{"self":[{"href":"https:\/\/ann-dove-author.com\/index.php?rest_route=\/wp\/v2\/product\/430","targetHints":{"allow":["GET"]}}],"collection":[{"href":"https:\/\/ann-dove-author.com\/index.php?rest_route=\/wp\/v2\/product"}],"about":[{"href":"https:\/\/ann-dove-author.com\/index.php?rest_route=\/wp\/v2\/types\/product"}],"wp:featuredmedia":[{"embeddable":true,"href":"https:\/\/ann-dove-author.com\/index.php?rest_route=\/wp\/v2\/media\/433"}],"wp:attachment":[{"href":"https:\/\/ann-dove-author.com\/index.php?rest_route=%2Fwp%2Fv2%2Fmedia&parent=430"}],"wp:term":[{"taxonomy":"product_brand","embeddable":true,"href":"https:\/\/ann-dove-author.com\/index.php?rest_route=%2Fwp%2Fv2%2Fproduct_brand&post=430"},{"taxonomy":"product_cat","embeddable":true,"href":"https:\/\/ann-dove-author.com\/index.php?rest_route=%2Fwp%2Fv2%2Fproduct_cat&post=430"},{"taxonomy":"product_tag","embeddable":true,"href":"https:\/\/ann-dove-author.com\/index.php?rest_route=%2Fwp%2Fv2%2Fproduct_tag&post=430"}],"curies":[{"name":"wp","href":"https:\/\/api.w.org\/{rel}","templated":true}]}}