{"id":536,"date":"2025-05-10T14:30:15","date_gmt":"2025-05-10T13:30:15","guid":{"rendered":"https:\/\/ann-dove-author.com\/?post_type=product&#038;p=536"},"modified":"2025-05-10T14:34:07","modified_gmt":"2025-05-10T13:34:07","slug":"swieca-sojowa-alfheim","status":"publish","type":"product","link":"https:\/\/ann-dove-author.com\/?product=swieca-sojowa-alfheim","title":{"rendered":"\u015bwieca sojowa Alfheim"},"content":{"rendered":"<p>Naturalna \u015bwieca sojowa o zapachu Alfheim: jab\u0142ko, cynamon, kawa.<\/p>\n<p>Sk\u0142ad: wosk sojowy, olejek zapachowy jab\u0142kowy, olejek eteryczny cynamonowy, ziarna kawy Arabiki, knot drewniany.<\/p>\n<p>Zawarto\u015b\u0107 netto: 100 ml.<\/p>\n<p>\u2013 Zawsze pal \u015bwiec\u0119 w dobrze wentylowanym pomieszczeniu, z dala od przeci\u0105g\u00f3w.<br \/>\n\u2013 Nigdy nie pozostawiaj pal\u0105cej si\u0119 \u015bwiecy bez nadzoru.<br \/>\n\u2013 Trzymaj \u015bwiec\u0119 z dala od materia\u0142\u00f3w \u0142atwopalnych, dzieci i zwierz\u0105t.<br \/>\n\u2013 Przed ka\u017cdym u\u017cyciem przytnij knot do d\u0142ugo\u015bci ok. 0,5 cm.<br \/>\n\u2013 Nie pal \u015bwiecy d\u0142u\u017cej ni\u017c 3\u20134 godziny jednorazowo.<br \/>\n\u2013 Zawsze pozostaw co najmniej 1 cm wosku na dnie \u015bwiecy \u2013 nie wypalaj jej do ko\u0144ca.<br \/>\n\u2013 Upewnij si\u0119, \u017ce \u015bwieca stoi na stabilnej, odpornej na ciep\u0142o powierzchni.<br \/>\n\u2013 Nie przesuwaj \u015bwiecy, gdy wosk jest p\u0142ynny.<br \/>\n\u2013 Nie wdychaj bezpo\u015brednio dymu ani opar\u00f3w \u2013 \u015bwieca s\u0142u\u017cy do aromatyzowania powietrza, nie do inhalacji.<br \/>\n\u2013 \u015awiec\u0119 mo\u017cna gasi\u0107 za\u0142\u0105czonym korkiem.<\/p>\n<p>&nbsp;<\/p>\n<p>&nbsp;<\/p>\n<p>&nbsp;<\/p>\n","protected":false},"excerpt":{"rendered":"<p>Naturalna \u015bwieca sojowa o zapachu Alfheim: jab\u0142ko, cynamon, kawa. Sk\u0142ad: wosk sojowy, olejek zapachowy jab\u0142kowy, olejek eteryczny cynamonowy, ziarna kawy Arabiki, knot drewniany. Zawarto\u015b\u0107 netto: 100 ml. \u2013 Zawsze pal \u015bwiec\u0119 w dobrze wentylowanym pomieszczeniu, z dala od przeci\u0105g\u00f3w. \u2013 Nigdy nie pozostawiaj pal\u0105cej si\u0119 \u015bwiecy bez nadzoru. \u2013 Trzymaj \u015bwiec\u0119 z dala od materia\u0142\u00f3w [&hellip;]<\/p>\n","protected":false},"featured_media":538,"template":"","meta":[],"product_brand":[],"product_cat":[34],"product_tag":[],"class_list":{"0":"post-536","1":"product","2":"type-product","3":"status-publish","4":"has-post-thumbnail","6":"product_cat-swiece-naturalne","8":"first","9":"instock","10":"taxable","11":"shipping-taxable","12":"purchasable","13":"product-type-simple"},"_links":{"self":[{"href":"https:\/\/ann-dove-author.com\/index.php?rest_route=\/wp\/v2\/product\/536","targetHints":{"allow":["GET"]}}],"collection":[{"href":"https:\/\/ann-dove-author.com\/index.php?rest_route=\/wp\/v2\/product"}],"about":[{"href":"https:\/\/ann-dove-author.com\/index.php?rest_route=\/wp\/v2\/types\/product"}],"wp:featuredmedia":[{"embeddable":true,"href":"https:\/\/ann-dove-author.com\/index.php?rest_route=\/wp\/v2\/media\/538"}],"wp:attachment":[{"href":"https:\/\/ann-dove-author.com\/index.php?rest_route=%2Fwp%2Fv2%2Fmedia&parent=536"}],"wp:term":[{"taxonomy":"product_brand","embeddable":true,"href":"https:\/\/ann-dove-author.com\/index.php?rest_route=%2Fwp%2Fv2%2Fproduct_brand&post=536"},{"taxonomy":"product_cat","embeddable":true,"href":"https:\/\/ann-dove-author.com\/index.php?rest_route=%2Fwp%2Fv2%2Fproduct_cat&post=536"},{"taxonomy":"product_tag","embeddable":true,"href":"https:\/\/ann-dove-author.com\/index.php?rest_route=%2Fwp%2Fv2%2Fproduct_tag&post=536"}],"curies":[{"name":"wp","href":"https:\/\/api.w.org\/{rel}","templated":true}]}}