{"id":553,"date":"2025-05-21T14:13:40","date_gmt":"2025-05-21T13:13:40","guid":{"rendered":"https:\/\/ann-dove-author.com\/?post_type=product&#038;p=553"},"modified":"2025-08-10T16:41:21","modified_gmt":"2025-08-10T15:41:21","slug":"kubek-magiczny-termiczny","status":"publish","type":"product","link":"https:\/\/ann-dove-author.com\/?product=kubek-magiczny-termiczny","title":{"rendered":"Kubek magiczny (zmienia si\u0119 pod wp\u0142ywem temperatury)"},"content":{"rendered":"<p>wyko\u0144czenie: PO\u0141YSK,<\/p>\n<p>pojemno\u015b\u0107: 330ml.<\/p>\n<p>My\u0107 r\u0119cznie, nie nadaje si\u0119 do zmywarki!<\/p>\n","protected":false},"excerpt":{"rendered":"<p>wyko\u0144czenie: PO\u0141YSK, pojemno\u015b\u0107: 330ml. My\u0107 r\u0119cznie, nie nadaje si\u0119 do zmywarki!<\/p>\n","protected":false},"featured_media":554,"template":"","meta":[],"product_brand":[],"product_cat":[35],"product_tag":[],"class_list":{"0":"post-553","1":"product","2":"type-product","3":"status-publish","4":"has-post-thumbnail","6":"product_cat-kubki","8":"first","9":"instock","10":"taxable","11":"shipping-taxable","12":"purchasable","13":"product-type-simple"},"_links":{"self":[{"href":"https:\/\/ann-dove-author.com\/index.php?rest_route=\/wp\/v2\/product\/553","targetHints":{"allow":["GET"]}}],"collection":[{"href":"https:\/\/ann-dove-author.com\/index.php?rest_route=\/wp\/v2\/product"}],"about":[{"href":"https:\/\/ann-dove-author.com\/index.php?rest_route=\/wp\/v2\/types\/product"}],"wp:featuredmedia":[{"embeddable":true,"href":"https:\/\/ann-dove-author.com\/index.php?rest_route=\/wp\/v2\/media\/554"}],"wp:attachment":[{"href":"https:\/\/ann-dove-author.com\/index.php?rest_route=%2Fwp%2Fv2%2Fmedia&parent=553"}],"wp:term":[{"taxonomy":"product_brand","embeddable":true,"href":"https:\/\/ann-dove-author.com\/index.php?rest_route=%2Fwp%2Fv2%2Fproduct_brand&post=553"},{"taxonomy":"product_cat","embeddable":true,"href":"https:\/\/ann-dove-author.com\/index.php?rest_route=%2Fwp%2Fv2%2Fproduct_cat&post=553"},{"taxonomy":"product_tag","embeddable":true,"href":"https:\/\/ann-dove-author.com\/index.php?rest_route=%2Fwp%2Fv2%2Fproduct_tag&post=553"}],"curies":[{"name":"wp","href":"https:\/\/api.w.org\/{rel}","templated":true}]}}