{"id":570,"date":"2025-07-23T13:05:11","date_gmt":"2025-07-23T12:05:11","guid":{"rendered":"https:\/\/ann-dove-author.com\/?post_type=product&#038;p=570"},"modified":"2026-03-10T10:15:58","modified_gmt":"2026-03-10T09:15:58","slug":"syn-strzaskanych-niebios","status":"publish","type":"product","link":"https:\/\/ann-dove-author.com\/?product=syn-strzaskanych-niebios","title":{"rendered":"Syn strzaskanych niebios"},"content":{"rendered":"<p>Druga cz\u0119\u015b\u0107 sagi &#8222;Zmierzch bog\u00f3w&#8221;.<\/p>\n<p>Ciemno\u015b\u0107 zala\u0142a \u015bwiat. Tylko ona mo\u017ce przywr\u00f3ci\u0107 mu \u015bwiat\u0142o. Cen\u0105 za to jednak b\u0119dzie jej serce&#8230;<\/p>\n<p>Przeznaczenia nie uda\u0142o si\u0119 oszuka\u0107.<br \/>\nWype\u0142ni\u0142o si\u0119 mroczne proroctwo.<br \/>\nNa barki Isy spada odpowiedzialno\u015b\u0107 naprawienia zaistnia\u0142ej sytuacji. By ocali\u0107 N\u00edu R\u00edki przed zag\u0142ad\u0105, stra\u017cniczka jest zmuszona stan\u0105\u0107 do walki z tym, kt\u00f3remu zaufa\u0142a. Dziewczyna musi odnale\u017a\u0107 si\u0119 w nowej roli, przywr\u00f3ci\u0107 \u015bwiat\u0142o dnia i zaprowadzi\u0107 pok\u00f3j w Dziewi\u0119ciu \u015awiatach, pozostaj\u0105c wierna swoim idea\u0142om.<br \/>\nTymczasem do gry wkracza b\u00f3g k\u0142amstwa, kt\u00f3ry z nikim nie dzieli si\u0119 swoimi planami&#8230;<\/p>\n","protected":false},"excerpt":{"rendered":"<p>Druga cz\u0119\u015b\u0107 sagi &#8222;Zmierzch bog\u00f3w&#8221;. Ciemno\u015b\u0107 zala\u0142a \u015bwiat. Tylko ona mo\u017ce przywr\u00f3ci\u0107 mu \u015bwiat\u0142o. Cen\u0105 za to jednak b\u0119dzie jej serce&#8230; Przeznaczenia nie uda\u0142o si\u0119 oszuka\u0107. Wype\u0142ni\u0142o si\u0119 mroczne proroctwo. Na barki Isy spada odpowiedzialno\u015b\u0107 naprawienia zaistnia\u0142ej sytuacji. By ocali\u0107 N\u00edu R\u00edki przed zag\u0142ad\u0105, stra\u017cniczka jest zmuszona stan\u0105\u0107 do walki z tym, kt\u00f3remu zaufa\u0142a. Dziewczyna [&hellip;]<\/p>\n","protected":false},"featured_media":571,"template":"","meta":[],"product_brand":[],"product_cat":[19],"product_tag":[],"class_list":{"0":"post-570","1":"product","2":"type-product","3":"status-publish","4":"has-post-thumbnail","6":"product_cat-ksiazki","8":"first","9":"instock","10":"sale","11":"taxable","12":"shipping-taxable","13":"purchasable","14":"product-type-simple"},"_links":{"self":[{"href":"https:\/\/ann-dove-author.com\/index.php?rest_route=\/wp\/v2\/product\/570","targetHints":{"allow":["GET"]}}],"collection":[{"href":"https:\/\/ann-dove-author.com\/index.php?rest_route=\/wp\/v2\/product"}],"about":[{"href":"https:\/\/ann-dove-author.com\/index.php?rest_route=\/wp\/v2\/types\/product"}],"wp:featuredmedia":[{"embeddable":true,"href":"https:\/\/ann-dove-author.com\/index.php?rest_route=\/wp\/v2\/media\/571"}],"wp:attachment":[{"href":"https:\/\/ann-dove-author.com\/index.php?rest_route=%2Fwp%2Fv2%2Fmedia&parent=570"}],"wp:term":[{"taxonomy":"product_brand","embeddable":true,"href":"https:\/\/ann-dove-author.com\/index.php?rest_route=%2Fwp%2Fv2%2Fproduct_brand&post=570"},{"taxonomy":"product_cat","embeddable":true,"href":"https:\/\/ann-dove-author.com\/index.php?rest_route=%2Fwp%2Fv2%2Fproduct_cat&post=570"},{"taxonomy":"product_tag","embeddable":true,"href":"https:\/\/ann-dove-author.com\/index.php?rest_route=%2Fwp%2Fv2%2Fproduct_tag&post=570"}],"curies":[{"name":"wp","href":"https:\/\/api.w.org\/{rel}","templated":true}]}}