{"id":574,"date":"2025-07-23T13:10:22","date_gmt":"2025-07-23T12:10:22","guid":{"rendered":"https:\/\/ann-dove-author.com\/?post_type=product&#038;p=574"},"modified":"2025-11-07T11:26:25","modified_gmt":"2025-11-07T10:26:25","slug":"smoczy-notes-czerwony","status":"publish","type":"product","link":"https:\/\/ann-dove-author.com\/?product=smoczy-notes-czerwony","title":{"rendered":"Smoczy notes czerwony"},"content":{"rendered":"<p>Gipsowy notes z wymiennym wk\u0142adem. Wymiary: wysoko\u015b\u0107:15,5 cm, szeroko\u015b\u0107: 10 cm, grubo\u015b\u0107: 2,5 cm.<\/p>\n","protected":false},"excerpt":{"rendered":"<p>Gipsowy notes z wymiennym wk\u0142adem. Wymiary: wysoko\u015b\u0107:15,5 cm, szeroko\u015b\u0107: 10 cm, grubo\u015b\u0107: 2,5 cm.<\/p>\n","protected":false},"featured_media":575,"template":"","meta":[],"product_brand":[],"product_cat":[36],"product_tag":[],"class_list":{"0":"post-574","1":"product","2":"type-product","3":"status-publish","4":"has-post-thumbnail","6":"product_cat-notesy","8":"first","9":"instock","10":"taxable","11":"shipping-taxable","12":"purchasable","13":"product-type-simple"},"_links":{"self":[{"href":"https:\/\/ann-dove-author.com\/index.php?rest_route=\/wp\/v2\/product\/574","targetHints":{"allow":["GET"]}}],"collection":[{"href":"https:\/\/ann-dove-author.com\/index.php?rest_route=\/wp\/v2\/product"}],"about":[{"href":"https:\/\/ann-dove-author.com\/index.php?rest_route=\/wp\/v2\/types\/product"}],"wp:featuredmedia":[{"embeddable":true,"href":"https:\/\/ann-dove-author.com\/index.php?rest_route=\/wp\/v2\/media\/575"}],"wp:attachment":[{"href":"https:\/\/ann-dove-author.com\/index.php?rest_route=%2Fwp%2Fv2%2Fmedia&parent=574"}],"wp:term":[{"taxonomy":"product_brand","embeddable":true,"href":"https:\/\/ann-dove-author.com\/index.php?rest_route=%2Fwp%2Fv2%2Fproduct_brand&post=574"},{"taxonomy":"product_cat","embeddable":true,"href":"https:\/\/ann-dove-author.com\/index.php?rest_route=%2Fwp%2Fv2%2Fproduct_cat&post=574"},{"taxonomy":"product_tag","embeddable":true,"href":"https:\/\/ann-dove-author.com\/index.php?rest_route=%2Fwp%2Fv2%2Fproduct_tag&post=574"}],"curies":[{"name":"wp","href":"https:\/\/api.w.org\/{rel}","templated":true}]}}