{"id":589,"date":"2025-07-28T13:37:34","date_gmt":"2025-07-28T12:37:34","guid":{"rendered":"https:\/\/ann-dove-author.com\/?post_type=product&#038;p=589"},"modified":"2025-07-28T13:37:35","modified_gmt":"2025-07-28T12:37:35","slug":"overlay-enemies","status":"publish","type":"product","link":"https:\/\/ann-dove-author.com\/?product=overlay-enemies","title":{"rendered":"overlay enemies"},"content":{"rendered":"<p>Czym jest overlay\/nak\u0142adka do ksi\u0105\u017cki?<br \/>\nJest to przezroczysta nak\u0142adka z folii z nadrukowan\u0105 ilustracj\u0105, kt\u00f3r\u0105 mo\u017cna w\u0142o\u017cy\u0107 w dowolnym miejscu ksi\u0105\u017cki.<\/p>\n","protected":false},"excerpt":{"rendered":"<p>Czym jest overlay\/nak\u0142adka do ksi\u0105\u017cki? Jest to przezroczysta nak\u0142adka z folii z nadrukowan\u0105 ilustracj\u0105, kt\u00f3r\u0105 mo\u017cna w\u0142o\u017cy\u0107 w dowolnym miejscu ksi\u0105\u017cki.<\/p>\n","protected":false},"featured_media":590,"template":"","meta":[],"product_brand":[],"product_cat":[33],"product_tag":[],"class_list":{"0":"post-589","1":"product","2":"type-product","3":"status-publish","4":"has-post-thumbnail","6":"product_cat-overlays-i-zakladki","8":"first","9":"instock","10":"taxable","11":"shipping-taxable","12":"purchasable","13":"product-type-simple"},"_links":{"self":[{"href":"https:\/\/ann-dove-author.com\/index.php?rest_route=\/wp\/v2\/product\/589","targetHints":{"allow":["GET"]}}],"collection":[{"href":"https:\/\/ann-dove-author.com\/index.php?rest_route=\/wp\/v2\/product"}],"about":[{"href":"https:\/\/ann-dove-author.com\/index.php?rest_route=\/wp\/v2\/types\/product"}],"wp:featuredmedia":[{"embeddable":true,"href":"https:\/\/ann-dove-author.com\/index.php?rest_route=\/wp\/v2\/media\/590"}],"wp:attachment":[{"href":"https:\/\/ann-dove-author.com\/index.php?rest_route=%2Fwp%2Fv2%2Fmedia&parent=589"}],"wp:term":[{"taxonomy":"product_brand","embeddable":true,"href":"https:\/\/ann-dove-author.com\/index.php?rest_route=%2Fwp%2Fv2%2Fproduct_brand&post=589"},{"taxonomy":"product_cat","embeddable":true,"href":"https:\/\/ann-dove-author.com\/index.php?rest_route=%2Fwp%2Fv2%2Fproduct_cat&post=589"},{"taxonomy":"product_tag","embeddable":true,"href":"https:\/\/ann-dove-author.com\/index.php?rest_route=%2Fwp%2Fv2%2Fproduct_tag&post=589"}],"curies":[{"name":"wp","href":"https:\/\/api.w.org\/{rel}","templated":true}]}}