{"id":653,"date":"2025-11-07T11:12:31","date_gmt":"2025-11-07T10:12:31","guid":{"rendered":"https:\/\/ann-dove-author.com\/?post_type=product&#038;p=653"},"modified":"2025-11-07T11:12:31","modified_gmt":"2025-11-07T10:12:31","slug":"corka-slonca-i-ksiezyca-2-x-overlay","status":"publish","type":"product","link":"https:\/\/ann-dove-author.com\/?product=corka-slonca-i-ksiezyca-2-x-overlay","title":{"rendered":"&#8222;C\u00f3rka s\u0142o\u0144ca i ksi\u0119\u017cyca&#8221; + 2 x overlay"},"content":{"rendered":"<p>Isa jest c\u00f3rk\u0105 niczyj\u0105, kt\u00f3r\u0105 pod opiek\u0119 wzi\u0119\u0142a potomkini legendarnego boga grom\u00f3w Thora. Dziewczyna przechodzi surowy trening pod okiem walkirii i zostaje stra\u017cniczk\u0105 \u015awi\u0119tego Sadu. Jej zadaniem jest pilnowanie, by nikt niepowo\u0142any nie tkn\u0105\u0142 jab\u0142ek nie\u015bmiertelno\u015bci.<br \/>\nGdy odwieczni przeciwnicy Asgardu \u0142\u0105cz\u0105 si\u0142y, wioska Isy, a tak\u017ce Sad zostaj\u0105 doszcz\u0119tnie zniszczone, a ona wzi\u0119ta do niewoli. W\u00f3wczas staje twarz\u0105 w twarz z dow\u00f3dc\u0105 lodowych gigant\u00f3w: Fenrirem. Stra\u017cniczka wie, \u017ce jedynym sposobem na powstrzymanie zmierzchu bog\u00f3w jest zabicie go. Jednak z czasem przekonuje si\u0119, \u017ce prawdy, kt\u00f3rych jej uczono, nie maj\u0105 odzwierciedlenia w rzeczywisto\u015bci\u2026<\/p>\n<p>&nbsp;<\/p>\n<p>W zestawie ksi\u0105\u017cka oraz 2 x overlay.<\/p>\n","protected":false},"excerpt":{"rendered":"<p>Isa jest c\u00f3rk\u0105 niczyj\u0105, kt\u00f3r\u0105 pod opiek\u0119 wzi\u0119\u0142a potomkini legendarnego boga grom\u00f3w Thora. Dziewczyna przechodzi surowy trening pod okiem walkirii i zostaje stra\u017cniczk\u0105 \u015awi\u0119tego Sadu. Jej zadaniem jest pilnowanie, by nikt niepowo\u0142any nie tkn\u0105\u0142 jab\u0142ek nie\u015bmiertelno\u015bci. Gdy odwieczni przeciwnicy Asgardu \u0142\u0105cz\u0105 si\u0142y, wioska Isy, a tak\u017ce Sad zostaj\u0105 doszcz\u0119tnie zniszczone, a ona wzi\u0119ta do niewoli. [&hellip;]<\/p>\n","protected":false},"featured_media":654,"template":"","meta":[],"product_brand":[],"product_cat":[19],"product_tag":[],"class_list":{"0":"post-653","1":"product","2":"type-product","3":"status-publish","4":"has-post-thumbnail","6":"product_cat-ksiazki","8":"first","9":"instock","10":"sale","11":"taxable","12":"shipping-taxable","13":"purchasable","14":"product-type-simple"},"_links":{"self":[{"href":"https:\/\/ann-dove-author.com\/index.php?rest_route=\/wp\/v2\/product\/653","targetHints":{"allow":["GET"]}}],"collection":[{"href":"https:\/\/ann-dove-author.com\/index.php?rest_route=\/wp\/v2\/product"}],"about":[{"href":"https:\/\/ann-dove-author.com\/index.php?rest_route=\/wp\/v2\/types\/product"}],"wp:featuredmedia":[{"embeddable":true,"href":"https:\/\/ann-dove-author.com\/index.php?rest_route=\/wp\/v2\/media\/654"}],"wp:attachment":[{"href":"https:\/\/ann-dove-author.com\/index.php?rest_route=%2Fwp%2Fv2%2Fmedia&parent=653"}],"wp:term":[{"taxonomy":"product_brand","embeddable":true,"href":"https:\/\/ann-dove-author.com\/index.php?rest_route=%2Fwp%2Fv2%2Fproduct_brand&post=653"},{"taxonomy":"product_cat","embeddable":true,"href":"https:\/\/ann-dove-author.com\/index.php?rest_route=%2Fwp%2Fv2%2Fproduct_cat&post=653"},{"taxonomy":"product_tag","embeddable":true,"href":"https:\/\/ann-dove-author.com\/index.php?rest_route=%2Fwp%2Fv2%2Fproduct_tag&post=653"}],"curies":[{"name":"wp","href":"https:\/\/api.w.org\/{rel}","templated":true}]}}