{"id":655,"date":"2025-11-07T11:49:03","date_gmt":"2025-11-07T10:49:03","guid":{"rendered":"https:\/\/ann-dove-author.com\/?post_type=product&#038;p=655"},"modified":"2025-11-07T13:23:55","modified_gmt":"2025-11-07T12:23:55","slug":"zestaw-corka-slonca-i-ksiezyca-syn-strzaskanych-niebios","status":"publish","type":"product","link":"https:\/\/ann-dove-author.com\/?product=zestaw-corka-slonca-i-ksiezyca-syn-strzaskanych-niebios","title":{"rendered":"zestaw &#8222;C\u00f3rka s\u0142o\u0144ca i ksi\u0119\u017cyca&#8221; + &#8222;Syn strzaskanych niebios&#8221;"},"content":{"rendered":"<p>Zestaw tom\u00f3w I oraz II sagi &#8222;Zmierzch bog\u00f3w&#8221; w promocyjnej cenie!<\/p>\n<p>&#8222;C\u00f3rka s\u0142o\u0144ca i ksi\u0119\u017cyca&#8221;<br \/>\nIsa jest c\u00f3rk\u0105 niczyj\u0105, kt\u00f3r\u0105 pod opiek\u0119 wzi\u0119\u0142a potomkini legendarnego boga grom\u00f3w Thora. Dziewczyna przechodzi surowy trening pod okiem walkirii i zostaje stra\u017cniczk\u0105 \u015awi\u0119tego Sadu. Jej zadaniem jest pilnowanie, by nikt niepowo\u0142any nie tkn\u0105\u0142 jab\u0142ek nie\u015bmiertelno\u015bci.<br \/>\nGdy odwieczni przeciwnicy Asgardu \u0142\u0105cz\u0105 si\u0142y, wioska Isy, a tak\u017ce Sad zostaj\u0105 doszcz\u0119tnie zniszczone, a ona wzi\u0119ta do niewoli. W\u00f3wczas staje twarz\u0105 w twarz z dow\u00f3dc\u0105 lodowych gigant\u00f3w: Fenrirem. Stra\u017cniczka wie, \u017ce jedynym sposobem na powstrzymanie zmierzchu bog\u00f3w jest zabicie go. Jednak z czasem przekonuje si\u0119, \u017ce prawdy, kt\u00f3rych jej uczono, nie maj\u0105 odzwierciedlenia w rzeczywisto\u015bci\u2026<\/p>\n<p>&#8222;Syn strzaskanych niebios&#8221;<\/p>\n<p>Ciemno\u015b\u0107 zala\u0142a \u015bwiat. Tylko ona mo\u017ce przywr\u00f3ci\u0107 mu \u015bwiat\u0142o. Cen\u0105 za to jednak b\u0119dzie jej serce\u2026<\/p>\n<p>Przeznaczenia nie uda\u0142o si\u0119 oszuka\u0107.<br \/>\nWype\u0142ni\u0142o si\u0119 mroczne proroctwo.<br \/>\nNa barki Isy spada odpowiedzialno\u015b\u0107 naprawienia zaistnia\u0142ej sytuacji. By ocali\u0107 N\u00edu R\u00edki przed zag\u0142ad\u0105, stra\u017cniczka jest zmuszona stan\u0105\u0107 do walki z tym, kt\u00f3remu zaufa\u0142a. Dziewczyna musi odnale\u017a\u0107 si\u0119 w nowej roli, przywr\u00f3ci\u0107 \u015bwiat\u0142o dnia i zaprowadzi\u0107 pok\u00f3j w Dziewi\u0119ciu \u015awiatach, pozostaj\u0105c wierna swoim idea\u0142om.<br \/>\nTymczasem do gry wkracza b\u00f3g k\u0142amstwa, kt\u00f3ry z nikim nie dzieli si\u0119 swoimi planami\u2026<\/p>\n","protected":false},"excerpt":{"rendered":"<p>Zestaw tom\u00f3w I oraz II sagi &#8222;Zmierzch bog\u00f3w&#8221; w promocyjnej cenie! &#8222;C\u00f3rka s\u0142o\u0144ca i ksi\u0119\u017cyca&#8221; Isa jest c\u00f3rk\u0105 niczyj\u0105, kt\u00f3r\u0105 pod opiek\u0119 wzi\u0119\u0142a potomkini legendarnego boga grom\u00f3w Thora. Dziewczyna przechodzi surowy trening pod okiem walkirii i zostaje stra\u017cniczk\u0105 \u015awi\u0119tego Sadu. Jej zadaniem jest pilnowanie, by nikt niepowo\u0142any nie tkn\u0105\u0142 jab\u0142ek nie\u015bmiertelno\u015bci. Gdy odwieczni przeciwnicy Asgardu [&hellip;]<\/p>\n","protected":false},"featured_media":657,"template":"","meta":[],"product_brand":[],"product_cat":[19],"product_tag":[],"class_list":{"0":"post-655","1":"product","2":"type-product","3":"status-publish","4":"has-post-thumbnail","6":"product_cat-ksiazki","8":"first","9":"instock","10":"sale","11":"taxable","12":"shipping-taxable","13":"purchasable","14":"product-type-simple"},"_links":{"self":[{"href":"https:\/\/ann-dove-author.com\/index.php?rest_route=\/wp\/v2\/product\/655","targetHints":{"allow":["GET"]}}],"collection":[{"href":"https:\/\/ann-dove-author.com\/index.php?rest_route=\/wp\/v2\/product"}],"about":[{"href":"https:\/\/ann-dove-author.com\/index.php?rest_route=\/wp\/v2\/types\/product"}],"wp:featuredmedia":[{"embeddable":true,"href":"https:\/\/ann-dove-author.com\/index.php?rest_route=\/wp\/v2\/media\/657"}],"wp:attachment":[{"href":"https:\/\/ann-dove-author.com\/index.php?rest_route=%2Fwp%2Fv2%2Fmedia&parent=655"}],"wp:term":[{"taxonomy":"product_brand","embeddable":true,"href":"https:\/\/ann-dove-author.com\/index.php?rest_route=%2Fwp%2Fv2%2Fproduct_brand&post=655"},{"taxonomy":"product_cat","embeddable":true,"href":"https:\/\/ann-dove-author.com\/index.php?rest_route=%2Fwp%2Fv2%2Fproduct_cat&post=655"},{"taxonomy":"product_tag","embeddable":true,"href":"https:\/\/ann-dove-author.com\/index.php?rest_route=%2Fwp%2Fv2%2Fproduct_tag&post=655"}],"curies":[{"name":"wp","href":"https:\/\/api.w.org\/{rel}","templated":true}]}}