{"id":728,"date":"2026-04-01T09:18:38","date_gmt":"2026-04-01T08:18:38","guid":{"rendered":"https:\/\/ann-dove-author.com\/?post_type=product&#038;p=728"},"modified":"2026-04-01T09:18:39","modified_gmt":"2026-04-01T08:18:39","slug":"holograficzna-zakladka-magnetyczna-isafen","status":"publish","type":"product","link":"https:\/\/ann-dove-author.com\/?product=holograficzna-zakladka-magnetyczna-isafen","title":{"rendered":"holograficzna zak\u0142adka magnetyczna Isa+Fen"},"content":{"rendered":"<p>Holograficzna zak\u0142adka magnetyczna, idealna dla os\u00f3b maj\u0105cych tendencj\u0119 gubi\u0107 zak\u0142adki! Dzi\u0119ki magnetycznym zaczepom umieszczamy j\u0105 na jednej ze stron w ksi\u0105\u017cce bez obawy, \u017ce si\u0119 wysunie. Pokryta jest foli\u0105 holograficzn\u0105 w t\u0119czowych barwach.<\/p>\n","protected":false},"excerpt":{"rendered":"<p>Holograficzna zak\u0142adka magnetyczna, idealna dla os\u00f3b maj\u0105cych tendencj\u0119 gubi\u0107 zak\u0142adki! Dzi\u0119ki magnetycznym zaczepom umieszczamy j\u0105 na jednej ze stron w ksi\u0105\u017cce bez obawy, \u017ce si\u0119 wysunie. Pokryta jest foli\u0105 holograficzn\u0105 w t\u0119czowych barwach.<\/p>\n","protected":false},"featured_media":730,"template":"","meta":[],"product_brand":[],"product_cat":[33],"product_tag":[],"class_list":{"0":"post-728","1":"product","2":"type-product","3":"status-publish","4":"has-post-thumbnail","6":"product_cat-overlays-i-zakladki","8":"first","9":"instock","10":"taxable","11":"shipping-taxable","12":"purchasable","13":"product-type-simple"},"_links":{"self":[{"href":"https:\/\/ann-dove-author.com\/index.php?rest_route=\/wp\/v2\/product\/728","targetHints":{"allow":["GET"]}}],"collection":[{"href":"https:\/\/ann-dove-author.com\/index.php?rest_route=\/wp\/v2\/product"}],"about":[{"href":"https:\/\/ann-dove-author.com\/index.php?rest_route=\/wp\/v2\/types\/product"}],"wp:featuredmedia":[{"embeddable":true,"href":"https:\/\/ann-dove-author.com\/index.php?rest_route=\/wp\/v2\/media\/730"}],"wp:attachment":[{"href":"https:\/\/ann-dove-author.com\/index.php?rest_route=%2Fwp%2Fv2%2Fmedia&parent=728"}],"wp:term":[{"taxonomy":"product_brand","embeddable":true,"href":"https:\/\/ann-dove-author.com\/index.php?rest_route=%2Fwp%2Fv2%2Fproduct_brand&post=728"},{"taxonomy":"product_cat","embeddable":true,"href":"https:\/\/ann-dove-author.com\/index.php?rest_route=%2Fwp%2Fv2%2Fproduct_cat&post=728"},{"taxonomy":"product_tag","embeddable":true,"href":"https:\/\/ann-dove-author.com\/index.php?rest_route=%2Fwp%2Fv2%2Fproduct_tag&post=728"}],"curies":[{"name":"wp","href":"https:\/\/api.w.org\/{rel}","templated":true}]}}