{"id":731,"date":"2026-04-01T09:35:59","date_gmt":"2026-04-01T08:35:59","guid":{"rendered":"https:\/\/ann-dove-author.com\/?post_type=product&#038;p=731"},"modified":"2026-04-01T09:36:00","modified_gmt":"2026-04-01T08:36:00","slug":"overlay-co-ty-chcialas-zrobic","status":"publish","type":"product","link":"https:\/\/ann-dove-author.com\/?product=overlay-co-ty-chcialas-zrobic","title":{"rendered":"overlay &#8222;co ty chcia\u0142a\u015b zrobi\u0107?&#8221;"},"content":{"rendered":"<p>Overlay ze scen\u0105 z &#8222;C\u00f3rki s\u0142o\u0144ca i ksi\u0119\u017cyca&#8221;.<\/p>\n<p>Czym jest overlay? Jest to ozdobna wstawka\/ilustracja do ksi\u0105\u017cki.<\/p>\n","protected":false},"excerpt":{"rendered":"<p>Overlay ze scen\u0105 z &#8222;C\u00f3rki s\u0142o\u0144ca i ksi\u0119\u017cyca&#8221;. Czym jest overlay? Jest to ozdobna wstawka\/ilustracja do ksi\u0105\u017cki.<\/p>\n","protected":false},"featured_media":732,"template":"","meta":[],"product_brand":[],"product_cat":[33],"product_tag":[],"class_list":{"0":"post-731","1":"product","2":"type-product","3":"status-publish","4":"has-post-thumbnail","6":"product_cat-overlays-i-zakladki","8":"first","9":"instock","10":"taxable","11":"shipping-taxable","12":"purchasable","13":"product-type-simple"},"_links":{"self":[{"href":"https:\/\/ann-dove-author.com\/index.php?rest_route=\/wp\/v2\/product\/731","targetHints":{"allow":["GET"]}}],"collection":[{"href":"https:\/\/ann-dove-author.com\/index.php?rest_route=\/wp\/v2\/product"}],"about":[{"href":"https:\/\/ann-dove-author.com\/index.php?rest_route=\/wp\/v2\/types\/product"}],"wp:featuredmedia":[{"embeddable":true,"href":"https:\/\/ann-dove-author.com\/index.php?rest_route=\/wp\/v2\/media\/732"}],"wp:attachment":[{"href":"https:\/\/ann-dove-author.com\/index.php?rest_route=%2Fwp%2Fv2%2Fmedia&parent=731"}],"wp:term":[{"taxonomy":"product_brand","embeddable":true,"href":"https:\/\/ann-dove-author.com\/index.php?rest_route=%2Fwp%2Fv2%2Fproduct_brand&post=731"},{"taxonomy":"product_cat","embeddable":true,"href":"https:\/\/ann-dove-author.com\/index.php?rest_route=%2Fwp%2Fv2%2Fproduct_cat&post=731"},{"taxonomy":"product_tag","embeddable":true,"href":"https:\/\/ann-dove-author.com\/index.php?rest_route=%2Fwp%2Fv2%2Fproduct_tag&post=731"}],"curies":[{"name":"wp","href":"https:\/\/api.w.org\/{rel}","templated":true}]}}